{"id":22765,"date":"2022-04-13T00:06:41","date_gmt":"2022-04-13T00:06:41","guid":{"rendered":"https:\/\/taizeincampania.it\/stag\/cookie-policy\/"},"modified":"2024-09-10T01:29:37","modified_gmt":"2024-09-10T01:29:37","slug":"cookie-policy","status":"publish","type":"page","link":"https:\/\/taizecampania.it\/pt\/cookie-policy\/","title":{"rendered":"Cookie Policy"},"content":{"rendered":"<div class=\"cli_pg_page_contaner\">\n<h3>Informa\u00e7\u00f5es sobre esta pol\u00edtica de cookies<\/h3>\n<div>Esta pol\u00edtica de cookies explica o que s\u00e3o cookies e como os utilizamos, os tipos de cookies que utilizamos, que informa\u00e7\u00f5es recolhemos utilizando cookies e como essas informa\u00e7\u00f5es s\u00e3o utilizadas e como controlar as suas prefer\u00eancias de cookies. Para obter mais informa\u00e7\u00f5es sobre como usamos, armazenamos e mantemos os seus dados pessoais seguros, consulte a nossa Pol\u00edtica de Privacidade.<br \/>\nPode, a qualquer momento, modificar ou retirar o seu consentimento da Declara\u00e7\u00e3o de Cookies no nosso site<br \/>\nSaiba mais sobre quem somos, como pode contactar-nos e como processamos dados pessoais na nossa Pol\u00edtica de Privacidade.<br \/>\nO seu consentimento aplica-se aos seguintes dom\u00ednios: taizecampania.it<\/p>\n<\/div>\n<h3>O que s\u00e3o cookies?<\/h3>\n<div>Cookies s\u00e3o pequenos arquivos de texto que s\u00e3o usados para armazenar pequenas informa\u00e7\u00f5es. Eles s\u00e3o armazenados no seu dispositivo quando o site \u00e9 carregado no seu navegador. Estes cookies ajudam-nos a fazer com que o site funcione corretamente, a torn\u00e1-lo mais seguro, a proporcionar uma melhor experi\u00eancia ao utilizador e a compreender como o site funciona e a analisar o que funciona e onde precisa de ser melhorado.<\/div>\n<h3>Como utilizamos os cookies?<\/h3>\n<div>Como a maioria dos servi\u00e7os online, o nosso site usa cookies propriet\u00e1rios e de terceiros para uma variedade de fins. Os cookies propriet\u00e1rios s\u00e3o principalmente necess\u00e1rios para o bom funcionamento do site e n\u00e3o recolhem nenhum dos seus dados de identifica\u00e7\u00e3o pessoal.<br \/>\nOs cookies de terceiros utilizados no nosso site servem principalmente para compreender como o site funciona, como interage com o nosso site, manter os nossos servi\u00e7os seguros, fornecer an\u00fancios relevantes para si e, em suma, proporcionar-lhe uma experi\u00eancia de utilizador melhor e melhorada e ajudar a acelerar as suas futuras intera\u00e7\u00f5es com o nosso site.<\/div>\n<h3>Que tipos de cookies usamos?<\/h3>\n<div>Essencial: alguns cookies s\u00e3o essenciais para poder experimentar toda a funcionalidade do nosso site. Permitem-nos manter as sess\u00f5es dos utilizadores e evitar quaisquer amea\u00e7as \u00e0 seguran\u00e7a. N\u00e3o recolhem nem armazenam quaisquer informa\u00e7\u00f5es pessoais. Por exemplo, estes cookies permitem-lhe iniciar sess\u00e3o na sua conta e adicionar produtos ao seu carrinho e finalizar a compra de forma segura.<br \/>\nEstat\u00edsticas: estes cookies memoriam informa\u00e7\u00f5es como o n\u00famero de visitantes do site Web, o n\u00famero de visitantes \u00fanicos, quais p\u00e1ginas do site Web foram visitadas, a origem da visita, etc. Estes dados nos ajudam a entender e a analisar as performances do site Web e onde precisamos de melhorias. Marketing: nosso site Web exibe an\u00fancios publicit\u00e1rios. Estes cookies s\u00e3o utilizados para personalizar os an\u00fancios publicit\u00e1rios que voc\u00ea v\u00ea, de modo que sejam relevantes para voc\u00ea. Estes cookies tamb\u00e9m nos ajudam a acompanhar a efici\u00eancia destas campanhas publicit\u00e1rias.<br \/>\nAs informa\u00e7\u00f5es memorizadas nesses cookies podem ser utilizadas tamb\u00e9m por provedores de an\u00fancios de terceiros para mostrar an\u00fancios em outros sites Web, inclusive no navegador seu.<\/p>\n<p>Funcionais: estes s\u00e3o os cookies que ajudam algumas funcionalidades n\u00e3o essenciais no nosso site web. As funcionalidades incluem a incorpora\u00e7\u00e3o de conte\u00fados, como v\u00eddeos, ou a compartilhamento de conte\u00fados do nosso site Web nas plataformas de m\u00eddia social.<\/p>\n<p>\"Prefer\u00eancias: estes cookies nos ajudam a salvar tus configura\u00e7\u00f5es e prefer\u00eancias de navega\u00e7\u00e3o, como as prefer\u00eancias de idioma, de modo que tenha uma experi\u00eancia melhor e eficiente durante as pr\u00f3ximas visitas ao site web.\"<\/p>\n<\/div>\n<h3>\"Como posso controlar minhas prefer\u00eancias de cookies?\"<\/h3>\n<div>\"Se decidi modificar suas prefer\u00eancias em um momento posterior durante a sess\u00e3o de navega\u00e7\u00e3o, pode clicar na guia \u2018Pol\u00edtica de Privacidade &amp; Cookies\u2019 no seu tela. Isso destacar\u00e1 novamente o aviso de consenso, permitindo-o modificar suas prefer\u00eancias ou retra\u00eds-lo completamente.\"<br \/>\nAl\u00e9m disso, diversos navegadores fornecem diversos m\u00e9todos para bloquear e remover os cookies utilizados pelos sites web. Voc\u00ea pode modificar as configura\u00e7\u00f5es do seu navegador para bloquear\/remover os cookies. Para saber mais sobre como gerenciar e remover os cookies, visite wikipedia.org, www.allaboutcookies.org.<\/div>\n<\/div>","protected":false},"excerpt":{"rendered":"<p>Informazioni su questa politica sui cookie Questa politica sui cookie spiega cosa sono i cookie e come li utilizziamo, i tipi di cookie che utilizziamo, ovvero le informazioni che raccogliamo utilizzando i cookie e come vengono utilizzate tali informazioni e come controllare le preferenze sui cookie. Per ulteriori informazioni su come utilizziamo, archiviamo e manteniamo [&hellip;]<\/p>","protected":false},"author":3,"featured_media":0,"parent":0,"menu_order":0,"comment_status":"closed","ping_status":"closed","template":"","meta":{"tdm_status":"","tdm_grid_status":"","footnotes":""},"class_list":["post-22765","page","type-page","status-publish"],"_links":{"self":[{"href":"https:\/\/taizecampania.it\/pt\/wp-json\/wp\/v2\/pages\/22765","targetHints":{"allow":["GET"]}}],"collection":[{"href":"https:\/\/taizecampania.it\/pt\/wp-json\/wp\/v2\/pages"}],"about":[{"href":"https:\/\/taizecampania.it\/pt\/wp-json\/wp\/v2\/types\/page"}],"author":[{"embeddable":true,"href":"https:\/\/taizecampania.it\/pt\/wp-json\/wp\/v2\/users\/3"}],"replies":[{"embeddable":true,"href":"https:\/\/taizecampania.it\/pt\/wp-json\/wp\/v2\/comments?post=22765"}],"version-history":[{"count":1,"href":"https:\/\/taizecampania.it\/pt\/wp-json\/wp\/v2\/pages\/22765\/revisions"}],"predecessor-version":[{"id":23557,"href":"https:\/\/taizecampania.it\/pt\/wp-json\/wp\/v2\/pages\/22765\/revisions\/23557"}],"wp:attachment":[{"href":"https:\/\/taizecampania.it\/pt\/wp-json\/wp\/v2\/media?parent=22765"}],"curies":[{"name":"wp","href":"https:\/\/api.w.org\/{rel}","templated":true}]}}