{"id":22765,"date":"2022-04-13T00:06:41","date_gmt":"2022-04-13T00:06:41","guid":{"rendered":"https:\/\/taizeincampania.it\/stag\/cookie-policy\/"},"modified":"2024-09-10T01:29:37","modified_gmt":"2024-09-10T01:29:37","slug":"cookie-policy","status":"publish","type":"page","link":"https:\/\/taizecampania.it\/fr\/cookie-policy\/","title":{"rendered":"Cookie Policy"},"content":{"rendered":"<div class=\"cli_pg_page_contaner\">\n<h3>Informations sur cette politique de cookies<\/h3>\n<div>Cette politique de cookies explique ce que sont les cookies et comment nous les utilisons, les types de cookies que nous utilisons, c'est-\u00e0-dire les informations que nous collectons en utilisant les cookies et comment ces informations sont utilis\u00e9es et comment contr\u00f4ler vos pr\u00e9f\u00e9rences en mati\u00e8re de cookies. Pour plus d'informations sur la fa\u00e7on dont nous utilisons, stockons et prot\u00e9geons vos donn\u00e9es personnelles, consultez notre Politique de confidentialit\u00e9.<br \/>\nVous pouvez \u00e0 tout moment modifier ou r\u00e9voquer votre consentement \u00e0 la D\u00e9claration sur les cookies sur notre site Web<br \/>\nD\u00e9couvrez qui nous sommes, comment nous pouvons nous contacter et comment nous traitons les donn\u00e9es personnelles dans notre politique de confidentialit\u00e9.<br \/>\nVotre consentement s'applique aux domaines suivants\u00a0: taizecampania.it<\/p>\n<\/div>\n<h3>Qu'est-ce que c'est les cookies ?<\/h3>\n<div>Les cookies sont de petits fichiers texte utilis\u00e9s pour stocker de petites informations. Ils sont stock\u00e9s sur votre appareil lorsque le site Web est charg\u00e9 dans votre navigateur. Ces cookies nous aident \u00e0 faire fonctionner correctement le site Web, \u00e0 le rendre plus s\u00fbr, \u00e0 fournir une meilleure exp\u00e9rience utilisateur et \u00e0 comprendre comment fonctionne le site Web et \u00e0 analyser ce qui fonctionne et o\u00f9 il doit \u00eatre am\u00e9lior\u00e9.<\/div>\n<h3>Comment nous utilisons les cookies ?<\/h3>\n<div>Comme la plupart des services en ligne, notre site Web utilise des cookies propri\u00e9taires et tiers \u00e0 des fins diverses. Les cookies propri\u00e9taires sont pour la plupart n\u00e9cessaires au bon fonctionnement du site Web et ne collectent aucune de vos donn\u00e9es d'identification personnelle.<br \/>\nLes cookies tiers utilis\u00e9s sur notre site Web servent principalement \u00e0 comprendre le fonctionnement du site Web, comment vous interagissez avec notre site Web, \u00e0 s\u00e9curiser nos services, \u00e0 fournir des publicit\u00e9s pertinentes pour vous et, dans l'ensemble, \u00e0 vous fournir une exp\u00e9rience utilisateur meilleure et am\u00e9lior\u00e9e et \u00e0 acc\u00e9l\u00e9rer vos interactions futures avec notre site Web.<\/div>\n<h3>Quels cookies utilisons-nous\u00a0?<\/h3>\n<div>Essentiel\u00a0: certains cookies sont essentiels pour pouvoir profiter de toutes les fonctionnalit\u00e9s de notre site. Ils nous permettent de maintenir les sessions utilisateur et de pr\u00e9venir toute menace \u00e0 la s\u00e9curit\u00e9. Ils ne collectent ni ne stockent aucune information personnelle. Par exemple, ces cookies vous permettent d'acc\u00e9der \u00e0 votre compte et d'ajouter des produits au panier et de commander en toute s\u00e9curit\u00e9.<br \/>\nStatistiques : ces cookies m\u00e9morisent des informations telles que le nombre de visiteurs du site Web, le nombre de visiteurs uniques, quelles pages du site Web ont \u00e9t\u00e9 visit\u00e9es, l'origine de la visite, etc. Ces donn\u00e9es nous aident \u00e0 comprendre et \u00e0 analyser les performances du site Web et o\u00f9 il a besoin d'am\u00e9liorations.\n\nMarketing : notre site Web affiche des publicit\u00e9s. Ces cookies sont utilis\u00e9s pour personnaliser les publicit\u00e9s que vous voyez de mani\u00e8re significative pour vous. Ces cookies nous aident \u00e9galement \u00e0 suivre l'efficacit\u00e9 de ces campagnes publicitaires.<br \/>\nLes informations enregistr\u00e9es dans ces cookies peuvent \u00eatre utilis\u00e9es par les fournisseurs de publicit\u00e9s tierces pour vous afficher des annonces sur d'autres sites Web, m\u00eame sur votre navigateur.<\/p>\n<p>\"Functionnels : ces sont les cookies qui aident certaines fonctionnalit\u00e9s non essentiales sur notre site Web. Ces fonctionnalit\u00e9s comprennent l'incorporation de contenu comme des vid\u00e9os ou la partage de contenu du site Web sur des plates-formes de m\u00e9dias sociaux.\"<\/p>\n<p>Pr\u00e9f\u00e9rences : ces cookies nous aident \u00e0 m\u00e9moriser tes param\u00e8tres et ton r\u00e9glage de navigation tels que tes pr\u00e9f\u00e9rences de langue afin que tu aies une exp\u00e9rience meilleure et efficace lors de tes prochaines visites sur le site Web.<\/p>\n<\/div>\n<h3>\"Comment puis-je contr\u00f4ler mes pr\u00e9f\u00e9rences sur les cookies ?\"<\/h3>\n<div>\"D\u00e9cidez-vous de modifier vos pr\u00e9f\u00e9rences plus tard dans la session de navigation, vous pouvez cliquer sur la page 'Politique de confidentialit\u00e9 et de politique des cookies' sur votre \u00e9cran. Cela reprendra \u00e0 nouveau l'avertissement de consentement vous autorisant \u00e0 modifier vos pr\u00e9f\u00e9rences ou \u00e0 retirer votre consentement complet.\"<br \/>\nEn plus de cela, diverses navetteurs web offrent diverses m\u00e9thodes pour bloquer et supprimer les cookies utilis\u00e9s par les sites web. Tu peux modifier les param\u00e8tres de ton navigateur pour bloquer\/supprimer les cookies. Pour en savoir plus sur la gestion et la suppression des cookies, visitez wikipedia.org, www.allaboutcookies.org.<\/div>\n<\/div>","protected":false},"excerpt":{"rendered":"<p>Informazioni su questa politica sui cookie Questa politica sui cookie spiega cosa sono i cookie e come li utilizziamo, i tipi di cookie che utilizziamo, ovvero le informazioni che raccogliamo utilizzando i cookie e come vengono utilizzate tali informazioni e come controllare le preferenze sui cookie. Per ulteriori informazioni su come utilizziamo, archiviamo e manteniamo [&hellip;]<\/p>","protected":false},"author":3,"featured_media":0,"parent":0,"menu_order":0,"comment_status":"closed","ping_status":"closed","template":"","meta":{"tdm_status":"","tdm_grid_status":"","footnotes":""},"class_list":["post-22765","page","type-page","status-publish"],"_links":{"self":[{"href":"https:\/\/taizecampania.it\/fr\/wp-json\/wp\/v2\/pages\/22765","targetHints":{"allow":["GET"]}}],"collection":[{"href":"https:\/\/taizecampania.it\/fr\/wp-json\/wp\/v2\/pages"}],"about":[{"href":"https:\/\/taizecampania.it\/fr\/wp-json\/wp\/v2\/types\/page"}],"author":[{"embeddable":true,"href":"https:\/\/taizecampania.it\/fr\/wp-json\/wp\/v2\/users\/3"}],"replies":[{"embeddable":true,"href":"https:\/\/taizecampania.it\/fr\/wp-json\/wp\/v2\/comments?post=22765"}],"version-history":[{"count":1,"href":"https:\/\/taizecampania.it\/fr\/wp-json\/wp\/v2\/pages\/22765\/revisions"}],"predecessor-version":[{"id":23557,"href":"https:\/\/taizecampania.it\/fr\/wp-json\/wp\/v2\/pages\/22765\/revisions\/23557"}],"wp:attachment":[{"href":"https:\/\/taizecampania.it\/fr\/wp-json\/wp\/v2\/media?parent=22765"}],"curies":[{"name":"wp","href":"https:\/\/api.w.org\/{rel}","templated":true}]}}