{"id":22765,"date":"2022-04-13T00:06:41","date_gmt":"2022-04-13T00:06:41","guid":{"rendered":"https:\/\/taizeincampania.it\/stag\/cookie-policy\/"},"modified":"2024-09-10T01:29:37","modified_gmt":"2024-09-10T01:29:37","slug":"cookie-policy","status":"publish","type":"page","link":"https:\/\/taizecampania.it\/es\/cookie-policy\/","title":{"rendered":"Cookie Policy"},"content":{"rendered":"<div class=\"cli_pg_page_contaner\">\n<h3>Informaci\u00f3n sobre esta pol\u00edtica de cookies<\/h3>\n<div>Esta pol\u00edtica de cookies explica qu\u00e9 son las cookies y c\u00f3mo las utilizamos, los tipos de cookies que utilizamos, es decir, la informaci\u00f3n que recopilamos utilizando cookies y c\u00f3mo se utiliza esta informaci\u00f3n y c\u00f3mo controlar las preferencias de cookies. Para obtener m\u00e1s informaci\u00f3n sobre c\u00f3mo utilizamos, almacenamos y mantenemos seguros tus datos personales, consulta nuestra Pol\u00edtica de privacidad.<br \/>\nPuedes cambiar o retirar tu consentimiento en cualquier momento desde la Declaraci\u00f3n de cookies en nuestro sitio web.<br \/>\nObtenga m\u00e1s informaci\u00f3n sobre qui\u00e9nes somos, c\u00f3mo puede contactarnos y c\u00f3mo procesamos los datos personales en nuestra Pol\u00edtica de privacidad.<br \/>\nTu consentimiento se aplica a los siguientes dominios: taizecampania.it<\/p>\n<\/div>\n<h3>\u00bfQu\u00e9 son las cookies?<\/h3>\n<div>Las cookies son peque\u00f1os archivos de texto que se utilizan para almacenar informaci\u00f3n peque\u00f1a. Se almacenan en tu dispositivo cuando el sitio web se carga en tu navegador. Estas cookies nos ayudan a hacer que el sitio web funcione correctamente, hacerlo m\u00e1s seguro, proporcionar una mejor experiencia de usuario y comprender c\u00f3mo funciona el sitio web y analizar qu\u00e9 funciona y d\u00f3nde se debe mejorar.<\/div>\n<h3>\u00bfC\u00f3mo utilizamos las cookies?<\/h3>\n<div>Al igual que la mayor\u00eda de los servicios en l\u00ednea, nuestro sitio web utiliza cookies propias y de terceros para diferentes fines. Las cookies de origen son en su mayor\u00eda necesarias para el correcto funcionamiento del sitio web y no recopilan ninguno de sus datos de identificaci\u00f3n personal.<br \/>\nLas cookies de terceros utilizadas en nuestro sitio web sirven principalmente para comprender c\u00f3mo funciona el sitio web, c\u00f3mo interact\u00faa con nuestro sitio web, manteniendo nuestros servicios seguros, proporcionando anuncios relevantes para usted y, en general, brind\u00e1ndole una mejor y mejor experiencia de usuario y ayuda a acelerar sus futuras interacciones con nuestro sitio web.<\/div>\n<h3>\u00bfQu\u00e9 tipos de cookies utilizamos?<\/h3>\n<div>Esencial: algunas cookies son esenciales para poder experimentar la plena funcionalidad de nuestro sitio web. Nos permiten mantener las sesiones de usuario y prevenir cualquier amenaza a la seguridad. No recopilan ni almacenan ninguna informaci\u00f3n personal. Por ejemplo, estas cookies le permiten iniciar sesi\u00f3n en su cuenta y a\u00f1adir productos al carrito y realizar el pago de forma segura.<br \/>\nEstad\u00edsticas: estos cookies memorizan informaci\u00f3n como el n\u00famero de visitantes del sitio web, el n\u00famero de visitantes \u00fanicos, cu\u00e1les p\u00e1ginas del sitio web fueron visitadas, el origen de la visita, etc. Estos datos nos ayudan a entender y a analizar las prestaciones del sitio web y donde necesita mejoras.\n fireside: nuestro sitio web muestra publicidad publicitaria. Estos cookies se utilizan para personalizar la publicidad publicitaria que mostramos de manera significativa para ti. Estos cookies tambi\u00e9n nos ayudan a seguir pista de la eficacia de estas campa\u00f1as publicitarias.\n\nSiempre puedes activar o desactivar los cookies en tu navegador seg\u00fan tus preferencias. En una p\u00e1gina de ajustes de seguridad, puedes acceder a esta opci\u00f3n y desactivarlos si lo deseas. Cabe recalcar que la desactivaci\u00f3n de los cookies puede afectar la funcionalidad del sitio web.<br \/>\nLas informaciones almacenadas en estos cookies pueden utilizarse tambi\u00e9n por proveedores de anuncios de terceros para mostrarte anuncios en otros sitios web a\u00fan en tu navegador.<\/p>\n<p>Funcionales: estos son los cookies que ayudan a algunas funcionalidades no esenciales en nuestro sitio web. Estas funcionalidades incluyen la incorporaci\u00f3n de contenidos como video o la compartici\u00f3n de contenidos del sitio web en plataformas de redes sociales.<\/p>\n<p>\"Preferencias: estos cookies nos ayudan a guardar tus configuraciones y preferencias de navegaci\u00f3n, como las preferencias de idioma, de modo que tengas una experiencia mejor y eficiente en tus futuras visitas a este sitio web.\"<\/p>\n<\/div>\n<h3>\"C\u00f3mo puedo controlar las preferencias de cookies?\"<\/h3>\n<div>\"Se decidi\u00f3 modificar tus preferencias en un momento posterior durante la sesi\u00f3n de navegaci\u00f3n, puedes hacer clic en la pesta\u00f1a \u2018Pol\u00edtica de Privacidad &amp; Pol\u00edtica de Cookies\u2019 en tu pantalla. Esto volver\u00e1 a mostrar el aviso de consentimiento, permiti\u00e9ndote modificar tus preferencias o rechazar completamente tu consentimiento.\"<br \/>\nM\u00e1s adelante, varios navegadores ofrecen varios m\u00e9todos para bloquear y eliminar los cookies utilizados por los sitios web. Puedes modificar las preferencias de tu navegador para bloquear\/eliminar cookies. Para saber m\u00e1s sobre c\u00f3mo administrar y eliminar cookies, visita wikipedia.org, www.allaboutcookies.org.\nCreating a summary using the given text: Several web browsers offer various methods to block and delete cookies used by websites. You can modify your browser settings to block\/delete cookies. To learn more about managing and deleting cookies, visit wikipedia.org or allaboutcookies.org.<\/div>\n<\/div>","protected":false},"excerpt":{"rendered":"<p>Informazioni su questa politica sui cookie Questa politica sui cookie spiega cosa sono i cookie e come li utilizziamo, i tipi di cookie che utilizziamo, ovvero le informazioni che raccogliamo utilizzando i cookie e come vengono utilizzate tali informazioni e come controllare le preferenze sui cookie. Per ulteriori informazioni su come utilizziamo, archiviamo e manteniamo [&hellip;]<\/p>","protected":false},"author":3,"featured_media":0,"parent":0,"menu_order":0,"comment_status":"closed","ping_status":"closed","template":"","meta":{"tdm_status":"","tdm_grid_status":"","footnotes":""},"class_list":["post-22765","page","type-page","status-publish"],"_links":{"self":[{"href":"https:\/\/taizecampania.it\/es\/wp-json\/wp\/v2\/pages\/22765","targetHints":{"allow":["GET"]}}],"collection":[{"href":"https:\/\/taizecampania.it\/es\/wp-json\/wp\/v2\/pages"}],"about":[{"href":"https:\/\/taizecampania.it\/es\/wp-json\/wp\/v2\/types\/page"}],"author":[{"embeddable":true,"href":"https:\/\/taizecampania.it\/es\/wp-json\/wp\/v2\/users\/3"}],"replies":[{"embeddable":true,"href":"https:\/\/taizecampania.it\/es\/wp-json\/wp\/v2\/comments?post=22765"}],"version-history":[{"count":1,"href":"https:\/\/taizecampania.it\/es\/wp-json\/wp\/v2\/pages\/22765\/revisions"}],"predecessor-version":[{"id":23557,"href":"https:\/\/taizecampania.it\/es\/wp-json\/wp\/v2\/pages\/22765\/revisions\/23557"}],"wp:attachment":[{"href":"https:\/\/taizecampania.it\/es\/wp-json\/wp\/v2\/media?parent=22765"}],"curies":[{"name":"wp","href":"https:\/\/api.w.org\/{rel}","templated":true}]}}