{"id":24178,"date":"2022-03-28T14:43:31","date_gmt":"2022-03-28T14:43:31","guid":{"rendered":"https:\/\/taizecampania.it\/?page_id=24178"},"modified":"2025-04-16T16:04:04","modified_gmt":"2025-04-16T16:04:04","slug":"taize-3","status":"publish","type":"page","link":"https:\/\/taizecampania.it\/de\/taize-3\/","title":{"rendered":"Taiz\u00e9"},"content":{"rendered":"<div data-elementor-type=\"wp-page\" data-elementor-id=\"24178\" class=\"elementor elementor-24178\" data-elementor-post-type=\"page\">\n\t\t\t\t\t\t<section class=\"elementor-section elementor-top-section elementor-element elementor-element-047acd5 elementor-section-boxed elementor-section-height-default elementor-section-height-default\" data-id=\"047acd5\" data-element_type=\"section\">\n\t\t\t\t\t\t<div class=\"elementor-container elementor-column-gap-default\">\n\t\t\t\t\t<div class=\"elementor-column elementor-col-100 elementor-top-column elementor-element elementor-element-ab01b5e\" data-id=\"ab01b5e\" data-element_type=\"column\">\n\t\t\t<div class=\"elementor-widget-wrap elementor-element-populated\">\n\t\t\t\t\t\t<div class=\"elementor-element elementor-element-ac8feac elementor-widget elementor-widget-spacer\" data-id=\"ac8feac\" data-element_type=\"widget\" data-widget_type=\"spacer.default\">\n\t\t\t\t<div class=\"elementor-widget-container\">\n\t\t\t\t\t<div class=\"elementor-spacer\">\n\t\t\t<div class=\"elementor-spacer-inner\"><\/div>\n\t\t<\/div>\n\t\t\t\t<\/div>\n\t\t\t\t<\/div>\n\t\t\t\t<section class=\"elementor-section elementor-inner-section elementor-element elementor-element-d8bee95 elementor-section-boxed elementor-section-height-default elementor-section-height-default\" data-id=\"d8bee95\" data-element_type=\"section\">\n\t\t\t\t\t\t<div class=\"elementor-container elementor-column-gap-default\">\n\t\t\t\t\t<div class=\"elementor-column elementor-col-33 elementor-inner-column elementor-element elementor-element-b9a80ce\" data-id=\"b9a80ce\" data-element_type=\"column\">\n\t\t\t<div class=\"elementor-widget-wrap elementor-element-populated\">\n\t\t\t\t\t\t<div class=\"elementor-element elementor-element-75ff2df elementor-widget elementor-widget-image\" data-id=\"75ff2df\" data-element_type=\"widget\" data-widget_type=\"image.default\">\n\t\t\t\t<div class=\"elementor-widget-container\">\n\t\t\t\t\t\t\t\t\t\t\t\t\t<img fetchpriority=\"high\" decoding=\"async\" width=\"696\" height=\"522\" src=\"https:\/\/taizecampania.it\/wp-content\/uploads\/2020\/04\/campanile-1024x768.jpg\" class=\"attachment-large size-large wp-image-22742\" alt=\"\" srcset=\"https:\/\/taizecampania.it\/wp-content\/uploads\/2020\/04\/campanile-1024x768.jpg 1024w, https:\/\/taizecampania.it\/wp-content\/uploads\/2020\/04\/campanile-300x225.jpg 300w, https:\/\/taizecampania.it\/wp-content\/uploads\/2020\/04\/campanile-768x576.jpg 768w, https:\/\/taizecampania.it\/wp-content\/uploads\/2020\/04\/campanile-1536x1152.jpg 1536w, https:\/\/taizecampania.it\/wp-content\/uploads\/2020\/04\/campanile-370x278.jpg 370w, https:\/\/taizecampania.it\/wp-content\/uploads\/2020\/04\/campanile-840x630.jpg 840w, https:\/\/taizecampania.it\/wp-content\/uploads\/2020\/04\/campanile-410x308.jpg 410w, https:\/\/taizecampania.it\/wp-content\/uploads\/2020\/04\/campanile.jpg 2048w\" sizes=\"(max-width: 696px) 100vw, 696px\" \/>\t\t\t\t\t\t\t\t\t\t\t\t\t<\/div>\n\t\t\t\t<\/div>\n\t\t\t\t\t<\/div>\n\t\t<\/div>\n\t\t\t\t<div class=\"elementor-column elementor-col-66 elementor-inner-column elementor-element elementor-element-199d342\" data-id=\"199d342\" data-element_type=\"column\">\n\t\t\t<div class=\"elementor-widget-wrap elementor-element-populated\">\n\t\t\t\t\t\t<div class=\"elementor-element elementor-element-b647fab elementor-widget elementor-widget-spacer\" data-id=\"b647fab\" data-element_type=\"widget\" data-widget_type=\"spacer.default\">\n\t\t\t\t<div class=\"elementor-widget-container\">\n\t\t\t\t\t<div class=\"elementor-spacer\">\n\t\t\t<div class=\"elementor-spacer-inner\"><\/div>\n\t\t<\/div>\n\t\t\t\t<\/div>\n\t\t\t\t<\/div>\n\t\t\t\t<div class=\"elementor-element elementor-element-50a7dc1 elementor-widget elementor-widget-text-editor\" data-id=\"50a7dc1\" data-element_type=\"widget\" data-widget_type=\"text-editor.default\">\n\t\t\t\t<div class=\"elementor-widget-container\">\n\t\t\t\t\t\t\t<p>Heute z\u00e4hlt die Gemeinschaft von Taiz\u00e9 etwa tausend Br\u00fcder, Katholiken und aus verschiedenen evangelischen Hintergr\u00fcnden, die aus fast drei\u00dfig Nationen kommen. Durch ihre blo\u00dfe Existenz ist die Gemeinschaft ein \"Gleichnis der Gemeinschaft\", ein konkretes Zeichen der Vers\u00f6hnung zwischen gespaltenen Christen und getrennten V\u00f6lkern.\n\nDie Br\u00fcder leben ausschlie\u00dflich von ihrer Arbeit. Sie nehmen keine Geschenke an. Sie nehmen nicht einmal ihre pers\u00f6nlichen Erbschaften f\u00fcr sich selbst an; die Gemeinschaft spendet sie an die \u00c4rmsten.\n\nEinige Br\u00fcder leben an benachteiligten Orten der Welt, um Zeugen des Friedens zu sein, um denen beizustehen, die leiden. In diesen kleinen Gemeinschaften in Asien, Afrika, Lateinamerika versuchen die Br\u00fcder, die Lebensbedingungen derer zu teilen, die sie ber\u00fchren, und bem\u00fchen sich, eine liebevolle Pr\u00e4senz neben den \u00c4rmsten, Stra\u00dfenkindern, Gefangenen, Sterbenden und denen zu sein, die durch emotionale Verletzungen und menschliche Verlassenheit im Innersten verwundet sind.<br \/><br \/>I fratelli vivono unicamente del loro lavoro. Non si accettano regali. Non accettano per se stessi nemmeno le proprie eredit\u00e0 personali, la comunit\u00e0 ne fa dono ai pi\u00f9 poveri.<br \/><br \/>Alcuni fratelli vivono in luoghi svantaggiati del mondo per essere testimoni di pace, per stare accanto a coloro che soffrono. In queste piccole fraternit\u00e0 in Asia, Africa, America Latina, i fratelli cercano di condividere le condizioni d&#8217;esistenza di coloro che li colpiscono, sforzandosi d&#8217;essere una presenza d&#8217;amore accanto ai pi\u00f9 poveri, ai bambini di strada, carcerati, moribondi, a chi \u00e8 ferito nel pi\u00f9 profondo per le lacerazioni affettive, gli abbandoni umani.<\/p>\t\t\t\t\t\t<\/div>\n\t\t\t\t<\/div>\n\t\t\t\t\t<\/div>\n\t\t<\/div>\n\t\t\t\t\t<\/div>\n\t\t<\/section>\n\t\t\t\t<div class=\"elementor-element elementor-element-949b9c0 elementor-widget elementor-widget-spacer\" data-id=\"949b9c0\" data-element_type=\"widget\" data-widget_type=\"spacer.default\">\n\t\t\t\t<div class=\"elementor-widget-container\">\n\t\t\t\t\t<div class=\"elementor-spacer\">\n\t\t\t<div class=\"elementor-spacer-inner\"><\/div>\n\t\t<\/div>\n\t\t\t\t<\/div>\n\t\t\t\t<\/div>\n\t\t\t\t\t<\/div>\n\t\t<\/div>\n\t\t\t\t\t<\/div>\n\t\t<\/section>\n\t\t\t\t<section class=\"elementor-section elementor-top-section elementor-element elementor-element-f782b08 elementor-section-boxed elementor-section-height-default elementor-section-height-default\" data-id=\"f782b08\" data-element_type=\"section\">\n\t\t\t\t\t\t<div class=\"elementor-container elementor-column-gap-default\">\n\t\t\t\t\t<div class=\"elementor-column elementor-col-100 elementor-top-column elementor-element elementor-element-e72e593\" data-id=\"e72e593\" data-element_type=\"column\">\n\t\t\t<div class=\"elementor-widget-wrap elementor-element-populated\">\n\t\t\t\t\t\t<section class=\"elementor-section elementor-inner-section elementor-element elementor-element-2815570 elementor-section-boxed elementor-section-height-default elementor-section-height-default\" data-id=\"2815570\" data-element_type=\"section\">\n\t\t\t\t\t\t<div class=\"elementor-container elementor-column-gap-default\">\n\t\t\t\t\t<div class=\"elementor-column elementor-col-66 elementor-inner-column elementor-element elementor-element-13e76ee\" data-id=\"13e76ee\" data-element_type=\"column\">\n\t\t\t<div class=\"elementor-widget-wrap elementor-element-populated\">\n\t\t\t\t\t\t<div class=\"elementor-element elementor-element-cda7c6f elementor-widget elementor-widget-spacer\" data-id=\"cda7c6f\" data-element_type=\"widget\" data-widget_type=\"spacer.default\">\n\t\t\t\t<div class=\"elementor-widget-container\">\n\t\t\t\t\t<div class=\"elementor-spacer\">\n\t\t\t<div class=\"elementor-spacer-inner\"><\/div>\n\t\t<\/div>\n\t\t\t\t<\/div>\n\t\t\t\t<\/div>\n\t\t\t\t<div class=\"elementor-element elementor-element-2cfed7e elementor-widget elementor-widget-text-editor\" data-id=\"2cfed7e\" data-element_type=\"widget\" data-widget_type=\"text-editor.default\">\n\t\t\t\t<div class=\"elementor-widget-container\">\n\t\t\t\t\t\t\t<p>Im Laufe der Jahre begann eine immer gr\u00f6\u00dfere Anzahl junger Menschen nach Taiz\u00e9 zu kommen. Die Schwestern von St. Andreas, eine internationale katholische Gemeinschaft, die vor mehr als sieben Jahrhunderten gegr\u00fcndet wurde, einige polnische Ursulinen-Schwestern und Schwestern des Heiligen Vinzenz von Paul, die einen Teil der Aufgaben bei der Aufnahme junger Menschen \u00fcbernehmen.\n\nAuch Kirchenleute kommen nach Taiz\u00e9, und die Gemeinschaft hat so Papst Johannes Paul II., vier Erzbisch\u00f6fe von Canterbury, orthodoxe Metropoliten, die vierzehn lutherischen Bisch\u00f6fe Schwedens und zahlreiche Pastoren aus der ganzen Welt empfangen.\n\nAb 1962 h\u00f6rten Br\u00fcder und junge Menschen, die von Taiz\u00e9 geschickt wurden, nie auf, in die L\u00e4nder Osteuropas zu reisen, um mit gr\u00f6\u00dfter Diskretion diejenigen zu besuchen, die innerhalb ihrer eigenen Grenzen eingeschlossen waren.\n\nFr\u00e8re Roger starb am 16. August 2005 im Alter von 90 Jahren, get\u00f6tet w\u00e4hrend des Abendgebets. Fr\u00e8re Alois, den er schon lange zuvor als seinen Nachfolger ausgew\u00e4hlt hatte, ist jetzt der Prior der Gemeinschaft.<br \/><br \/>Anche uomini di Chiesa si recano a Taiz\u00e9 e la comunit\u00e0 ha cos\u00ec accolto il Papa Giovanni Paolo II, quattro Arcivescovi di Canterbury, dei Metropoliti ortodossi, i quattordici Vescovi luterani di Svezia e numerosi pastori del mondo intero.<br \/><br \/>A partire dal 1962, dei fratelli e dei giovani, mandati da Taiz\u00e9, non hanno mai smesso di andare e venire dai Paesi dell&#8217;Est Europa, per visitare con la massima discrezione chi era rinchiuso all&#8217;interno dei propri confini.<br \/><br \/>Fr\u00e8re Roger \u00e8 morto il 16 agosto 2005, a 90 anni, ucciso durante la preghiera serale. Fr\u00e8re Alois, scelto da lui gi\u00e0 da tanto tempo come suo successore, \u00e8 ora il priore della comunit\u00e0.<\/p>\t\t\t\t\t\t<\/div>\n\t\t\t\t<\/div>\n\t\t\t\t\t<\/div>\n\t\t<\/div>\n\t\t\t\t<div class=\"elementor-column elementor-col-33 elementor-inner-column elementor-element elementor-element-c572450\" data-id=\"c572450\" data-element_type=\"column\">\n\t\t\t<div class=\"elementor-widget-wrap elementor-element-populated\">\n\t\t\t\t\t\t<div class=\"elementor-element elementor-element-2f8cee8 elementor-widget elementor-widget-image\" data-id=\"2f8cee8\" data-element_type=\"widget\" data-widget_type=\"image.default\">\n\t\t\t\t<div class=\"elementor-widget-container\">\n\t\t\t\t\t\t\t\t\t\t\t\t\t<img decoding=\"async\" width=\"696\" height=\"637\" src=\"https:\/\/taizecampania.it\/wp-content\/uploads\/2022\/05\/IMG-20191220-WA0030-1024x937.jpg\" class=\"attachment-large size-large wp-image-22734\" alt=\"\" srcset=\"https:\/\/taizecampania.it\/wp-content\/uploads\/2022\/05\/IMG-20191220-WA0030.jpg 1024w, https:\/\/taizecampania.it\/wp-content\/uploads\/2022\/05\/IMG-20191220-WA0030-300x275.jpg 300w, https:\/\/taizecampania.it\/wp-content\/uploads\/2022\/05\/IMG-20191220-WA0030-768x703.jpg 768w, https:\/\/taizecampania.it\/wp-content\/uploads\/2022\/05\/IMG-20191220-WA0030-370x339.jpg 370w, https:\/\/taizecampania.it\/wp-content\/uploads\/2022\/05\/IMG-20191220-WA0030-840x769.jpg 840w, https:\/\/taizecampania.it\/wp-content\/uploads\/2022\/05\/IMG-20191220-WA0030-410x375.jpg 410w\" sizes=\"(max-width: 696px) 100vw, 696px\" \/>\t\t\t\t\t\t\t\t\t\t\t\t\t<\/div>\n\t\t\t\t<\/div>\n\t\t\t\t\t<\/div>\n\t\t<\/div>\n\t\t\t\t\t<\/div>\n\t\t<\/section>\n\t\t\t\t<div class=\"elementor-element elementor-element-438fa74 elementor-widget elementor-widget-spacer\" data-id=\"438fa74\" data-element_type=\"widget\" data-widget_type=\"spacer.default\">\n\t\t\t\t<div class=\"elementor-widget-container\">\n\t\t\t\t\t<div class=\"elementor-spacer\">\n\t\t\t<div class=\"elementor-spacer-inner\"><\/div>\n\t\t<\/div>\n\t\t\t\t<\/div>\n\t\t\t\t<\/div>\n\t\t\t\t\t<\/div>\n\t\t<\/div>\n\t\t\t\t\t<\/div>\n\t\t<\/section>\n\t\t\t\t<section class=\"elementor-section elementor-top-section elementor-element elementor-element-bc34780 elementor-section-boxed elementor-section-height-default elementor-section-height-default\" data-id=\"bc34780\" data-element_type=\"section\">\n\t\t\t\t\t\t<div class=\"elementor-container elementor-column-gap-default\">\n\t\t\t\t\t<div class=\"elementor-column elementor-col-33 elementor-top-column elementor-element elementor-element-c8f7f76\" data-id=\"c8f7f76\" data-element_type=\"column\">\n\t\t\t<div class=\"elementor-widget-wrap\">\n\t\t\t\t\t\t\t<\/div>\n\t\t<\/div>\n\t\t\t\t<div class=\"elementor-column elementor-col-33 elementor-top-column elementor-element elementor-element-df3bbdf\" data-id=\"df3bbdf\" data-element_type=\"column\">\n\t\t\t<div class=\"elementor-widget-wrap\">\n\t\t\t\t\t\t\t<\/div>\n\t\t<\/div>\n\t\t\t\t<div class=\"elementor-column elementor-col-33 elementor-top-column elementor-element elementor-element-056d78c\" data-id=\"056d78c\" data-element_type=\"column\">\n\t\t\t<div class=\"elementor-widget-wrap\">\n\t\t\t\t\t\t\t<\/div>\n\t\t<\/div>\n\t\t\t\t\t<\/div>\n\t\t<\/section>\n\t\t\t\t<section class=\"elementor-section elementor-top-section elementor-element elementor-element-dc00d04 elementor-section-boxed elementor-section-height-default elementor-section-height-default\" data-id=\"dc00d04\" data-element_type=\"section\">\n\t\t\t\t\t\t<div class=\"elementor-container elementor-column-gap-default\">\n\t\t\t\t\t<div class=\"elementor-column elementor-col-100 elementor-top-column elementor-element elementor-element-9cb9529\" data-id=\"9cb9529\" data-element_type=\"column\">\n\t\t\t<div class=\"elementor-widget-wrap elementor-element-populated\">\n\t\t\t\t\t\t<div class=\"elementor-element elementor-element-a467d5a elementor-widget elementor-widget-spacer\" data-id=\"a467d5a\" data-element_type=\"widget\" data-widget_type=\"spacer.default\">\n\t\t\t\t<div class=\"elementor-widget-container\">\n\t\t\t\t\t<div class=\"elementor-spacer\">\n\t\t\t<div class=\"elementor-spacer-inner\"><\/div>\n\t\t<\/div>\n\t\t\t\t<\/div>\n\t\t\t\t<\/div>\n\t\t\t\t<div class=\"elementor-element elementor-element-a5ce571 elementor-widget elementor-widget-spacer\" data-id=\"a5ce571\" data-element_type=\"widget\" data-widget_type=\"spacer.default\">\n\t\t\t\t<div class=\"elementor-widget-container\">\n\t\t\t\t\t<div class=\"elementor-spacer\">\n\t\t\t<div class=\"elementor-spacer-inner\"><\/div>\n\t\t<\/div>\n\t\t\t\t<\/div>\n\t\t\t\t<\/div>\n\t\t\t\t<section class=\"elementor-section elementor-inner-section elementor-element elementor-element-673e9c5 elementor-section-boxed elementor-section-height-default elementor-section-height-default\" data-id=\"673e9c5\" data-element_type=\"section\">\n\t\t\t\t\t\t<div class=\"elementor-container elementor-column-gap-default\">\n\t\t\t\t\t<div class=\"elementor-column elementor-col-33 elementor-inner-column elementor-element elementor-element-3169b9e\" data-id=\"3169b9e\" data-element_type=\"column\">\n\t\t\t<div class=\"elementor-widget-wrap elementor-element-populated\">\n\t\t\t\t\t\t<div class=\"elementor-element elementor-element-51127ad elementor-widget elementor-widget-image\" data-id=\"51127ad\" data-element_type=\"widget\" data-widget_type=\"image.default\">\n\t\t\t\t<div class=\"elementor-widget-container\">\n\t\t\t\t\t\t\t\t\t\t\t\t\t<img decoding=\"async\" width=\"696\" height=\"650\" src=\"https:\/\/taizecampania.it\/wp-content\/uploads\/2022\/05\/IMG-20191220-WA0023-1024x956.jpg\" class=\"attachment-large size-large wp-image-22733\" alt=\"\" srcset=\"https:\/\/taizecampania.it\/wp-content\/uploads\/2022\/05\/IMG-20191220-WA0023.jpg 1024w, https:\/\/taizecampania.it\/wp-content\/uploads\/2022\/05\/IMG-20191220-WA0023-300x280.jpg 300w, https:\/\/taizecampania.it\/wp-content\/uploads\/2022\/05\/IMG-20191220-WA0023-768x717.jpg 768w, https:\/\/taizecampania.it\/wp-content\/uploads\/2022\/05\/IMG-20191220-WA0023-370x345.jpg 370w, https:\/\/taizecampania.it\/wp-content\/uploads\/2022\/05\/IMG-20191220-WA0023-840x784.jpg 840w, https:\/\/taizecampania.it\/wp-content\/uploads\/2022\/05\/IMG-20191220-WA0023-410x383.jpg 410w\" sizes=\"(max-width: 696px) 100vw, 696px\" \/>\t\t\t\t\t\t\t\t\t\t\t\t\t<\/div>\n\t\t\t\t<\/div>\n\t\t\t\t\t<\/div>\n\t\t<\/div>\n\t\t\t\t<div class=\"elementor-column elementor-col-66 elementor-inner-column elementor-element elementor-element-0e81f72\" data-id=\"0e81f72\" data-element_type=\"column\">\n\t\t\t<div class=\"elementor-widget-wrap elementor-element-populated\">\n\t\t\t\t\t\t<div class=\"elementor-element elementor-element-e1460c8 elementor-widget elementor-widget-spacer\" data-id=\"e1460c8\" data-element_type=\"widget\" data-widget_type=\"spacer.default\">\n\t\t\t\t<div class=\"elementor-widget-container\">\n\t\t\t\t\t<div class=\"elementor-spacer\">\n\t\t\t<div class=\"elementor-spacer-inner\"><\/div>\n\t\t<\/div>\n\t\t\t\t<\/div>\n\t\t\t\t<\/div>\n\t\t\t\t<div class=\"elementor-element elementor-element-3eecf9a elementor-widget elementor-widget-text-editor\" data-id=\"3eecf9a\" data-element_type=\"widget\" data-widget_type=\"text-editor.default\">\n\t\t\t\t<div class=\"elementor-widget-container\">\n\t\t\t\t\t\t\t<p>Seit 1978 organisiert die Gemeinschaft j\u00e4hrlich ein europ\u00e4isches Treffen, das Pilgerweg des Vertrauens auf der Erde genannt wird, in einer europ\u00e4ischen Metropole, im Osten und Westen. Es dauert f\u00fcnf Tage und findet am Ende jedes Jahres statt, normalerweise vom 28. Dezember bis zum 1. Januar. Tausende von jungen Menschen nehmen daran teil.\n\n1981, anl\u00e4sslich des Treffens in London, schrieb eine Londoner Zeitung:\n\n\"Die beeindruckendste \u00dcberquerung des \u00c4rmelkanals seit der Landung in der Normandie.\"\n\n1987, anl\u00e4sslich des Treffens in Rom, war der Petersdom im Vatikan ein herrlicher Rahmen f\u00fcr ein Gebet in Anwesenheit von Papst Johannes Paul II. Bei dieser Gelegenheit definierte Fr\u00e8re Roger die Kirche als ein \"Geheimnis der Gemeinschaft\".\n\nIn Paris waren es 1994 \u00fcber hunderttausend.\n\nAb 1974 ver\u00f6ffentlichte Fr\u00e8re Roger jedes Jahr einen Brief, der in mehr als 50 Sprachen \u00fcbersetzt und dann das ganze Jahr \u00fcber bei Treffen in Taiz\u00e9 und in vielen Pfarreien als Reflexionspunkt verwendet wurde. Die ersten beiden, Brief an das Volk Gottes und Das Unerwartete leben, wurden f\u00fcr die Er\u00f6ffnung des Jugendkonzils 1974 vorbereitet.\n\nDie f\u00fcnf Tage sind gepr\u00e4gt von Momenten des gemeinsamen Gebets, mit Ges\u00e4ngen und Momenten der Stille, und Workshops zu verschiedenen religi\u00f6sen und \u00f6kumenischen Themen. Wichtig f\u00fcr den Geist dieser Treffen ist die Gastfreundschaft der St\u00e4dte, die Tausende von europ\u00e4ischen Jugendlichen in Turnhallen, Schulen und Privath\u00e4usern willkommen hei\u00dfen. Die Nacht des letzten Tages des Jahres ist in eine Gebetswache bis Mitternacht und anschlie\u00dfend in das \"Fest der V\u00f6lker\" unterteilt, bei dem jede Nationalit\u00e4t Lieder, T\u00e4nze und Spiele anbietet und Freude und Kultur teilt.<br \/><br \/>Nel 1981, in occasione dell&#8217;incontro di Londra, un giornale londinese scrisse:<br \/><br \/>\u00abLa pi\u00f9 imponente attraversata della Manica dopo lo sbarco in Normandia.\u00bb<br \/><br \/>Nel 1987, in occasione dell&#8217;incontro di Roma, la Basilica di San Pietro in Vaticano fu una splendida cornice per una preghiera alla presenza di papa Giovanni Paolo II. In quella circostanza, fr\u00e8re Roger defin\u00ec la Chiesa un &#8220;mistero di comunione&#8221;.<br \/><br \/>Furono oltre centomila nel 1994 a Parigi.<br \/><br \/>A partire dal 1974, fr\u00e8re Roger pubblic\u00f2 ogni anno una lettera che, tradotto in pi\u00f9 di 50 lingue, veniva utilizzata poi tutto l&#8217;anno durante gli incontri a Taiz\u00e9 ed in tante parrocchie, come spunto di riflessione. Le prime due, Lettera al popolo di Dio e Vivere l&#8217;insperato, furono preparate per l&#8217;apertura del Concilio dei giovani nel 1974.<br \/><br \/>Le cinque giornate sono scandite da momenti di preghiera comune, con canti e momenti di silenzio, e workshop su vari temi religiosi ed ecumenici. Importante per lo spirito di questi incontri \u00e8 l&#8217;ospitalit\u00e0 delle citt\u00e0 che accolgono le migliaia di giovani europei in palestre, scuole e abitazioni private. La notte dell&#8217;ultimo giorno dell&#8217;anno \u00e8 divisa in una preghiera di veglia fino a mezzanotte e successivamente nella &#8220;Festa dei Popoli&#8221; nella quale ogni nazionalit\u00e0 propone canti, balli e giochi condividendo gioia e cultura.<\/p>\t\t\t\t\t\t<\/div>\n\t\t\t\t<\/div>\n\t\t\t\t\t<\/div>\n\t\t<\/div>\n\t\t\t\t\t<\/div>\n\t\t<\/section>\n\t\t\t\t<div class=\"elementor-element elementor-element-b8e998c elementor-widget elementor-widget-spacer\" data-id=\"b8e998c\" data-element_type=\"widget\" data-widget_type=\"spacer.default\">\n\t\t\t\t<div class=\"elementor-widget-container\">\n\t\t\t\t\t<div class=\"elementor-spacer\">\n\t\t\t<div class=\"elementor-spacer-inner\"><\/div>\n\t\t<\/div>\n\t\t\t\t<\/div>\n\t\t\t\t<\/div>\n\t\t\t\t\t<\/div>\n\t\t<\/div>\n\t\t\t\t\t<\/div>\n\t\t<\/section>\n\t\t\t\t<section class=\"elementor-section elementor-top-section elementor-element elementor-element-0f80151 elementor-section-boxed elementor-section-height-default elementor-section-height-default\" data-id=\"0f80151\" data-element_type=\"section\">\n\t\t\t\t\t\t<div class=\"elementor-container elementor-column-gap-default\">\n\t\t\t\t\t<div class=\"elementor-column elementor-col-33 elementor-top-column elementor-element elementor-element-7dd927a\" data-id=\"7dd927a\" data-element_type=\"column\">\n\t\t\t<div class=\"elementor-widget-wrap\">\n\t\t\t\t\t\t\t<\/div>\n\t\t<\/div>\n\t\t\t\t<div class=\"elementor-column elementor-col-33 elementor-top-column elementor-element elementor-element-9dc79c0\" data-id=\"9dc79c0\" data-element_type=\"column\">\n\t\t\t<div class=\"elementor-widget-wrap\">\n\t\t\t\t\t\t\t<\/div>\n\t\t<\/div>\n\t\t\t\t<div class=\"elementor-column elementor-col-33 elementor-top-column elementor-element elementor-element-6bc812b\" data-id=\"6bc812b\" data-element_type=\"column\">\n\t\t\t<div class=\"elementor-widget-wrap\">\n\t\t\t\t\t\t\t<\/div>\n\t\t<\/div>\n\t\t\t\t\t<\/div>\n\t\t<\/section>\n\t\t\t\t<section class=\"elementor-section elementor-top-section elementor-element elementor-element-74c625a elementor-section-boxed elementor-section-height-default elementor-section-height-default\" data-id=\"74c625a\" data-element_type=\"section\">\n\t\t\t\t\t\t<div class=\"elementor-container elementor-column-gap-default\">\n\t\t\t\t\t<div class=\"elementor-column elementor-col-100 elementor-top-column elementor-element elementor-element-b56044f\" data-id=\"b56044f\" data-element_type=\"column\">\n\t\t\t<div class=\"elementor-widget-wrap elementor-element-populated\">\n\t\t\t\t\t\t<div class=\"elementor-element elementor-element-1f8dcc2 elementor-widget elementor-widget-spacer\" data-id=\"1f8dcc2\" data-element_type=\"widget\" data-widget_type=\"spacer.default\">\n\t\t\t\t<div class=\"elementor-widget-container\">\n\t\t\t\t\t<div class=\"elementor-spacer\">\n\t\t\t<div class=\"elementor-spacer-inner\"><\/div>\n\t\t<\/div>\n\t\t\t\t<\/div>\n\t\t\t\t<\/div>\n\t\t\t\t\t<\/div>\n\t\t<\/div>\n\t\t\t\t\t<\/div>\n\t\t<\/section>\n\t\t\t\t<\/div>","protected":false},"excerpt":{"rendered":"<p>Oggi la comunit\u00e0 di Taiz\u00e9 conta un migliaio di fratelli, cattolici e di diverse origini evangeliche, provenienti da quasi trenta nazioni. Con la sua stessa esistenza, la comunit\u00e0 \u00e8 una &#8220;parabola di comunione&#8221;, un segno concreto di riconciliazione tra cristiani divisi e tra popoli separati. I fratelli vivono unicamente del loro lavoro. Non si accettano [&hellip;]<\/p>","protected":false},"author":3,"featured_media":0,"parent":0,"menu_order":0,"comment_status":"closed","ping_status":"closed","template":"","meta":{"tdm_status":"","tdm_grid_status":"","footnotes":""},"class_list":["post-24178","page","type-page","status-publish"],"_links":{"self":[{"href":"https:\/\/taizecampania.it\/de\/wp-json\/wp\/v2\/pages\/24178","targetHints":{"allow":["GET"]}}],"collection":[{"href":"https:\/\/taizecampania.it\/de\/wp-json\/wp\/v2\/pages"}],"about":[{"href":"https:\/\/taizecampania.it\/de\/wp-json\/wp\/v2\/types\/page"}],"author":[{"embeddable":true,"href":"https:\/\/taizecampania.it\/de\/wp-json\/wp\/v2\/users\/3"}],"replies":[{"embeddable":true,"href":"https:\/\/taizecampania.it\/de\/wp-json\/wp\/v2\/comments?post=24178"}],"version-history":[{"count":13,"href":"https:\/\/taizecampania.it\/de\/wp-json\/wp\/v2\/pages\/24178\/revisions"}],"predecessor-version":[{"id":24493,"href":"https:\/\/taizecampania.it\/de\/wp-json\/wp\/v2\/pages\/24178\/revisions\/24493"}],"wp:attachment":[{"href":"https:\/\/taizecampania.it\/de\/wp-json\/wp\/v2\/media?parent=24178"}],"curies":[{"name":"wp","href":"https:\/\/api.w.org\/{rel}","templated":true}]}}