{"id":22765,"date":"2022-04-13T00:06:41","date_gmt":"2022-04-13T00:06:41","guid":{"rendered":"https:\/\/taizeincampania.it\/stag\/cookie-policy\/"},"modified":"2024-09-10T01:29:37","modified_gmt":"2024-09-10T01:29:37","slug":"cookie-policy","status":"publish","type":"page","link":"https:\/\/taizecampania.it\/de\/cookie-policy\/","title":{"rendered":"Cookie Policy"},"content":{"rendered":"<div class=\"cli_pg_page_contaner\">\n<h3>Informationen zu dieser Cookie-Richtlinie<\/h3>\n<div>Diese Cookie-Richtlinie erl\u00e4utert, was Cookies sind und wie wir sie verwenden, welche Arten von Cookies wir verwenden, d. h. welche Informationen wir mithilfe von Cookies sammeln und wie diese Informationen verwendet werden und wie Sie Ihre Cookie-Einstellungen steuern k\u00f6nnen. Weitere Informationen dar\u00fcber, wie wir Ihre personenbezogenen Daten verwenden, speichern und sicher aufbewahren, finden Sie in unserer Datenschutzerkl\u00e4rung.<br \/>\nSie k\u00f6nnen Ihre Einwilligung zur Cookie-Erkl\u00e4rung auf unserer Website jederzeit \u00e4ndern oder widerrufen<br \/>\nErfahren Sie in unserer Datenschutzrichtlinie mehr dar\u00fcber, wer wir sind, wie Sie uns kontaktieren k\u00f6nnen und wie wir personenbezogene Daten verarbeiten.<br \/>\nIhre Einwilligung gilt f\u00fcr folgende Domains: taizecampania.it<\/p>\n<\/div>\n<h3>Was sind Cookies?<\/h3>\n<div>Cookies sind kleine Textdateien, die verwendet werden, um kleine Informationen zu speichern. Sie werden auf Ihrem Endger\u00e4t gespeichert, wenn die Website in Ihrem Browser geladen wird. Diese Cookies helfen uns, die Website ordnungsgem\u00e4\u00df zu betreiben, sie sicherer zu machen, eine bessere Benutzererfahrung zu bieten und zu verstehen, wie die Website funktioniert, und zu analysieren, was funktioniert und wo es verbessert werden muss.<\/div>\n<h3>2. So setzen wir Cookies ein<\/h3>\n<div>Wie die meisten Online-Dienste verwendet unsere Website eigene Cookies und Cookies von Drittanbietern f\u00fcr verschiedene Zwecke. Erstanbieter-Cookies sind in der Regel f\u00fcr das ordnungsgem\u00e4\u00dfe Funktionieren der Website erforderlich und sammeln keine Ihrer personenbezogenen Daten.<br \/>\nDie auf unserer Website verwendeten Cookies von Drittanbietern dienen in erster Linie dazu, zu verstehen, wie die Website funktioniert, wie Sie mit unserer Website interagieren, unsere Dienste sicher zu halten, relevante Werbung f\u00fcr Sie bereitzustellen und Ihnen insgesamt ein besseres und verbessertes Benutzererlebnis zu bieten und Ihre zuk\u00fcnftigen Interaktionen mit unserer Website zu beschleunigen.<\/div>\n<h3>Arten von verwendeten Cookies<\/h3>\n<div>Wesentlich: Einige Cookies sind unerl\u00e4sslich, damit Sie die volle Funktionalit\u00e4t unserer Website nutzen k\u00f6nnen. Sie erm\u00f6glichen es uns, Benutzersitzungen aufrechtzuerhalten und Sicherheitsbedrohungen zu verhindern. Sie sammeln oder speichern keine pers\u00f6nlichen Informationen. Diese Cookies erm\u00f6glichen es Ihnen beispielsweise, sich bei Ihrem Konto anzumelden und Produkte in den Warenkorb zu legen und sicher einzukaufen.<br \/>\nStatistik: diese Cookies speichern Informationen wie die Anzahl der Website-Besucher, die Anzahl der unikaten Besucher, welche Seiten des Website aufgesucht wurden, die Quelle der Besuch, usw. Diese Daten helfen uns, die Leistung unserer Website zu verstehen und anzuzeigen, wo Verbesserungen n\u00f6tig sind.\n\nMarketing: unser Website zeigt Werbung. Diese Cookies werden verwendet, um die Werbung anzuzeigen, die du siehst, gut f\u00fcr dich passen zu lassen. Diese Cookies helfen uns auch, die Effektivit\u00e4t dieser Werbekampagne zu verfolgen.<br \/>\n\"Die in diesen Cookies gespeicherten Informationen k\u00f6nnen auch vom gleichzeitig auf anderen Websites agierenden Werbeanbietern von Dritte verwendet werden, um Ihnen Werbung auf anderen Webseiten auch in Ihrem Browser zu zeigen.\"<\/p>\n<p>Funktionalcookies: dies sind die Cookies, die eine Arbeit von nicht kritischen Funktionen auf unserer Website unterst\u00fctzen. Diese Funktionen umfassen z.B. die Einbindung von Inhalten wie Videos oder die Verbreitung der Inhalte unserer Website auf sozialen Medien-Plattformen.<\/p>\n<p>\"Vorlieben: diese Cookies helfen uns, deine Navigationseinstellungen und Vorlieben zu speichern, z.B. die Spracheauswahl, um dir den bestm\u00f6glichen und effizientesten Erfahrungswert bei den zuk\u00fcnftigen Besuchen auf der Website zu bieten.\"<\/p>\n<\/div>\n<h3>\"Wie kann ich meine Cookie-Einstellungen steuern?\" (Translation: \"How can I control my cookie preferences?\")<\/h3>\n<div>\"Wenn Sie Ihre Vorlieben sp\u00e4t in dieser Sitzung \u00e4ndern m\u00f6chten, klicken Sie auf die Schaltfl\u00e4che \u2018Datenschutz und Cookies\u2019 auf Ihrem Bildschirm. Dies zeigt Ihnen erneut das Einwilligungsabzeichen, sodass Sie Ihre Vorlieben \u00e4ndern oder vollst\u00e4ndig Ihre Einwilligung zur\u00fcckziehen k\u00f6nnen.\"<br \/>\n\u00dcberdies bieten verschiedene Browser mehrere Methoden an, um Cookies von Websites zu blockieren und zu l\u00f6schen. Du kannst die Einstellungen deines Browsers \u00e4ndern, um Cookies zu blockieren\/zum L\u00f6schen. F\u00fcr mehr Informationen \u00fcber die Verwaltung und L\u00f6schung von Cookies besuchen Sie Wikipedia.org, www.allaboutcookies.org.<\/div>\n<\/div>","protected":false},"excerpt":{"rendered":"<p>Informazioni su questa politica sui cookie Questa politica sui cookie spiega cosa sono i cookie e come li utilizziamo, i tipi di cookie che utilizziamo, ovvero le informazioni che raccogliamo utilizzando i cookie e come vengono utilizzate tali informazioni e come controllare le preferenze sui cookie. Per ulteriori informazioni su come utilizziamo, archiviamo e manteniamo [&hellip;]<\/p>","protected":false},"author":3,"featured_media":0,"parent":0,"menu_order":0,"comment_status":"closed","ping_status":"closed","template":"","meta":{"tdm_status":"","tdm_grid_status":"","footnotes":""},"class_list":["post-22765","page","type-page","status-publish"],"_links":{"self":[{"href":"https:\/\/taizecampania.it\/de\/wp-json\/wp\/v2\/pages\/22765","targetHints":{"allow":["GET"]}}],"collection":[{"href":"https:\/\/taizecampania.it\/de\/wp-json\/wp\/v2\/pages"}],"about":[{"href":"https:\/\/taizecampania.it\/de\/wp-json\/wp\/v2\/types\/page"}],"author":[{"embeddable":true,"href":"https:\/\/taizecampania.it\/de\/wp-json\/wp\/v2\/users\/3"}],"replies":[{"embeddable":true,"href":"https:\/\/taizecampania.it\/de\/wp-json\/wp\/v2\/comments?post=22765"}],"version-history":[{"count":1,"href":"https:\/\/taizecampania.it\/de\/wp-json\/wp\/v2\/pages\/22765\/revisions"}],"predecessor-version":[{"id":23557,"href":"https:\/\/taizecampania.it\/de\/wp-json\/wp\/v2\/pages\/22765\/revisions\/23557"}],"wp:attachment":[{"href":"https:\/\/taizecampania.it\/de\/wp-json\/wp\/v2\/media?parent=22765"}],"curies":[{"name":"wp","href":"https:\/\/api.w.org\/{rel}","templated":true}]}}