{"id":22762,"date":"2017-04-04T12:23:13","date_gmt":"2017-04-04T12:23:13","guid":{"rendered":"https:\/\/taizeincampania.it\/stag\/terms-and-conditions\/"},"modified":"2024-09-10T01:26:30","modified_gmt":"2024-09-10T01:26:30","slug":"terms-and-conditions","status":"publish","type":"page","link":"https:\/\/taizecampania.it\/de\/terms-and-conditions\/","title":{"rendered":"Terms and Conditions"},"content":{"rendered":"<h3>Termini e Condizioni<\/h3>\n<p><strong>Introduzione<\/strong><br \/>\nVisitando e utilizzando il sito taizeincampania.it, accettate i seguenti termini e condizioni. Vi preghiamo di leggerli attentamente prima di utilizzare i nostri servizi.<\/p>\n<p><strong>Modifiche ai Termini<\/strong><br \/>\nCi riserviamo il diritto di modificare questi termini in qualsiasi momento. Le modifiche diventeranno efficaci non appena pubblicate sul sito.<\/p>\n<p><strong>Utilizzo del Sito<\/strong><br \/>\nIl sito \u00e8 destinato a fornire informazioni e risorse relative agli incontri e agli eventi della comunit\u00e0 di Taiz\u00e9. \u00c8 vietato utilizzare il sito per scopi illegali o non autorizzati.<\/p>","protected":false},"excerpt":{"rendered":"<p>Termini e Condizioni Introduzione Visitando e utilizzando il sito taizeincampania.it, accettate i seguenti termini e condizioni. Vi preghiamo di leggerli attentamente prima di utilizzare i nostri servizi. Modifiche ai Termini Ci riserviamo il diritto di modificare questi termini in qualsiasi momento. Le modifiche diventeranno efficaci non appena pubblicate sul sito. Utilizzo del Sito Il sito [&hellip;]<\/p>","protected":false},"author":3,"featured_media":0,"parent":0,"menu_order":0,"comment_status":"closed","ping_status":"closed","template":"","meta":{"tdm_status":"","tdm_grid_status":"","footnotes":""},"class_list":["post-22762","page","type-page","status-publish"],"_links":{"self":[{"href":"https:\/\/taizecampania.it\/de\/wp-json\/wp\/v2\/pages\/22762","targetHints":{"allow":["GET"]}}],"collection":[{"href":"https:\/\/taizecampania.it\/de\/wp-json\/wp\/v2\/pages"}],"about":[{"href":"https:\/\/taizecampania.it\/de\/wp-json\/wp\/v2\/types\/page"}],"author":[{"embeddable":true,"href":"https:\/\/taizecampania.it\/de\/wp-json\/wp\/v2\/users\/3"}],"replies":[{"embeddable":true,"href":"https:\/\/taizecampania.it\/de\/wp-json\/wp\/v2\/comments?post=22762"}],"version-history":[{"count":2,"href":"https:\/\/taizecampania.it\/de\/wp-json\/wp\/v2\/pages\/22762\/revisions"}],"predecessor-version":[{"id":23547,"href":"https:\/\/taizecampania.it\/de\/wp-json\/wp\/v2\/pages\/22762\/revisions\/23547"}],"wp:attachment":[{"href":"https:\/\/taizecampania.it\/de\/wp-json\/wp\/v2\/media?parent=22762"}],"curies":[{"name":"wp","href":"https:\/\/api.w.org\/{rel}","templated":true}]}}